

{"id":54,"date":"2019-09-12T08:32:11","date_gmt":"2019-09-12T06:32:11","guid":{"rendered":"https:\/\/www.sternwarte-gluecksburg.de\/?page_id=54"},"modified":"2019-11-07T20:42:16","modified_gmt":"2019-11-07T19:42:16","slug":"anfahrt","status":"publish","type":"page","link":"https:\/\/www.sternwarte-gluecksburg.de\/index.php\/anfahrt\/","title":{"rendered":"Anfahrt"},"content":{"rendered":"\n<p>Adresse:<br>Sternwarte und Planetarium Gl\u00fccksburg<br>F\u00f6rdestra\u00dfe 37<br>24960 Gl\u00fccksburg (Ostsee)  <\/p>\n\n\n\n<p><a rel=\"noreferrer noopener\" aria-label=\"Route mit Google Maps berechnen lassen (\u00f6ffnet in neuem Tab)\" href=\"https:\/\/www.google.de\/maps\/dir\/\/Planetarium+Gl%C3%BCcksburg,+F%C3%B6rdestra%C3%9Fe+37,+24960+Gl%C3%BCcksburg+(Ostsee)\/@54.8389092,9.4919006,13z\/data=!4m8!4m7!1m0!1m5!1m1!1s0x47b343ee50e3ae4f:0xd78efc4890476358!2m2!1d9.5269198!2d54.8388648?hl=de\" target=\"_blank\">Route mit Google Maps berechnen lassen<\/a><\/p>\n\n\n\n<link rel='stylesheet' id='osm-ol3-css-css' href='https:\/\/www.sternwarte-gluecksburg.de\/wp-content\/plugins\/osm\/js\/OL\/10.9.0\/ol.css?ver=6.9.4' type='text\/css' media='all' \/>\n<link rel='stylesheet' id='osm-ol3-ext-css-css' href='https:\/\/www.sternwarte-gluecksburg.de\/wp-content\/plugins\/osm\/css\/osm_map_v3.css?ver=6.9.4' type='text\/css' media='all' \/>\n<link rel='stylesheet' id='osm-map-css-css' href='https:\/\/www.sternwarte-gluecksburg.de\/wp-content\/plugins\/osm\/css\/osm_map.css?ver=6.9.4' type='text\/css' media='all' \/>\n<script type=\"text\/javascript\" src=\"https:\/\/www.sternwarte-gluecksburg.de\/wp-includes\/js\/dist\/vendor\/wp-polyfill.min.js?ver=3.15.0\" id=\"wp-polyfill-js\"><\/script>\n<script type=\"text\/javascript\" src=\"https:\/\/www.sternwarte-gluecksburg.de\/wp-content\/plugins\/osm\/js\/OL\/10.9.0\/ol.js?ver=10.9.0\" id=\"osm-ol3-library-js\"><\/script>\n<script type=\"text\/javascript\" src=\"https:\/\/www.sternwarte-gluecksburg.de\/wp-content\/plugins\/osm\/js\/osm-v3-plugin-lib.js?ver=1.0.0\" id=\"osm-ol3-ext-library-js\"><\/script>\n<script type=\"text\/javascript\" src=\"https:\/\/www.sternwarte-gluecksburg.de\/wp-content\/plugins\/osm\/js\/osm-metabox-events.js?ver=1.0.0\" id=\"osm-ol3-metabox-events-js\"><\/script>\n<script type=\"text\/javascript\" src=\"https:\/\/www.sternwarte-gluecksburg.de\/wp-includes\/js\/jquery\/jquery.min.js?ver=3.7.1\" id=\"jquery-core-js\"><\/script>\n<script type=\"text\/javascript\" src=\"https:\/\/www.sternwarte-gluecksburg.de\/wp-includes\/js\/jquery\/jquery-migrate.min.js?ver=3.4.1\" id=\"jquery-migrate-js\"><\/script>\n<script type=\"text\/javascript\" id=\"osm-map-startup-js-extra\">\n\/* <![CDATA[ *\/\nvar translations = {\"openlayer\":\"open layer\",\"openlayerAtStartup\":\"open layer at startup\",\"generateLink\":\"link to this map with opened layers\",\"shortDescription\":\"short description\",\"generatedShortCode\":\"to get a text control link paste this code in your wordpress editor\",\"closeLayer\":\"close layer\",\"cantGenerateLink\":\"put this string in the existing map short code to control this map\"};\n\/\/# sourceURL=osm-map-startup-js-extra\n\/* ]]> *\/\n<\/script>\n<script type=\"text\/javascript\" src=\"https:\/\/www.sternwarte-gluecksburg.de\/wp-content\/plugins\/osm\/js\/osm-startup-lib.js?ver=V6.2.5\" id=\"osm-map-startup-js\"><\/script>\n\n        <div id=\"map_ol3js_1\"\n       class=\"osm-map-container undefined\"\n             data-map_name=\"undefined\"\n             data-map=\"map_ol3js_1\"\n             data-autoshow=\"no\"\n             style=\"width:95%;\n                    max-width:100%;\n                    height:450px;\n                    display:block;\n                    overflow:hidden;\n                    border:thin solid;\n                    position: relative;\">\n          <div id=\"map_ol3js_1_popup\" class=\"ol-popup\">\n            <a href=\"#\" id=\"map_ol3js_1_popup-closer\" class=\"ol-popup-closer\"><\/a>\n            <div id=\"map_ol3js_1_popup-content\"><\/div>\n          <\/div>\n        <\/div>\n    <script type=\"text\/javascript\">\n\t\t\t  vectorM['map_ol3js_1'] = [];\n\t        \n        var raster = getTileLayer(\"\",\"NoKey\");\t\t\t\n\n\t\t\t  var map_ol3js_1 = new ol.Map({\n\t\t\t\tinteractions: ol.interaction.defaults.defaults({mouseWheelZoom:false}),\n\t\t\t\tlayers: [raster],\n\t\t\t\ttarget: \"map_ol3js_1\",\n\t\t\t\tview: new ol.View({\n\t\t\t\t  center: ol.proj.transform([9.5275,54.8392], \"EPSG:4326\", \"EPSG:3857\"),\n\t\t\t\t  zoom: 18\n\t\t\t\t})\n\t\t\t  });\n\t\t\t  osm_addMarkerLayer(map_ol3js_1,9.5275,54.8392,\"https:\/\/www.sternwarte-gluecksburg.de\/wp-content\/plugins\/osm\/icons\/mic_black_observ_10.png\",-16,-41,\"<p>Sternwarte Gl\u00fccksburg, F\u00f6rdestra\u00dfe 37, 24960 Gl\u00fccksburg (Ostsee)<\/p>\") ; \naddControls2Map(map_ol3js_1,0,0,3,0,5,6,7,0,1);\nosm_addPopupClickhandler(map_ol3js_1,  \"map_ol3js_1\"); \nosm_addMouseHover(map_ol3js_1); <\/script>\n\n\n\n<p>\nGPS-Koordinaten: <br>54\u00b050&#8217;22.3&#8243; N 9\u00b031&#8217;46.8&#8243;E    (54.839520 N, 9.529666 E)\n\n<\/p>\n","protected":false},"excerpt":{"rendered":"<p>Adresse:Sternwarte und Planetarium Gl\u00fccksburgF\u00f6rdestra\u00dfe 3724960 Gl\u00fccksburg (Ostsee) Route mit Google Maps berechnen lassen GPS-Koordinaten: 54\u00b050&#8217;22.3&#8243; N 9\u00b031&#8217;46.8&#8243;E (54.839520 N, 9.529666 E)<\/p>\n","protected":false},"author":1,"featured_media":0,"parent":0,"menu_order":0,"comment_status":"closed","ping_status":"closed","template":"","meta":{"footnotes":""},"class_list":["post-54","page","type-page","status-publish","hentry"],"_links":{"self":[{"href":"https:\/\/www.sternwarte-gluecksburg.de\/index.php\/wp-json\/wp\/v2\/pages\/54","targetHints":{"allow":["GET"]}}],"collection":[{"href":"https:\/\/www.sternwarte-gluecksburg.de\/index.php\/wp-json\/wp\/v2\/pages"}],"about":[{"href":"https:\/\/www.sternwarte-gluecksburg.de\/index.php\/wp-json\/wp\/v2\/types\/page"}],"author":[{"embeddable":true,"href":"https:\/\/www.sternwarte-gluecksburg.de\/index.php\/wp-json\/wp\/v2\/users\/1"}],"replies":[{"embeddable":true,"href":"https:\/\/www.sternwarte-gluecksburg.de\/index.php\/wp-json\/wp\/v2\/comments?post=54"}],"version-history":[{"count":15,"href":"https:\/\/www.sternwarte-gluecksburg.de\/index.php\/wp-json\/wp\/v2\/pages\/54\/revisions"}],"predecessor-version":[{"id":250,"href":"https:\/\/www.sternwarte-gluecksburg.de\/index.php\/wp-json\/wp\/v2\/pages\/54\/revisions\/250"}],"wp:attachment":[{"href":"https:\/\/www.sternwarte-gluecksburg.de\/index.php\/wp-json\/wp\/v2\/media?parent=54"}],"curies":[{"name":"wp","href":"https:\/\/api.w.org\/{rel}","templated":true}]}}