{"id":51,"date":"2019-09-12T08:32:11","date_gmt":"2019-09-12T06:32:11","guid":{"rendered":"https:\/\/www.sternwarte-gluecksburg.de\/?page_id=51"},"modified":"2021-09-13T19:12:06","modified_gmt":"2021-09-13T17:12:06","slug":"impressum","status":"publish","type":"page","link":"https:\/\/www.sternwarte-gluecksburg.de\/index.php\/impressum\/","title":{"rendered":"Impressum"},"content":{"rendered":"\r\n<h3 class=\"wp-block-heading\">Sternfreunde Flensburg-Gl\u00fccksburg e. V.<br>F\u00f6rdestrasse 37<br>24960 Gl\u00fccksburg<\/h3>\r\n\r\n\r\n\r\n<h4 class=\"wp-block-heading\"><br>Vorsitzender (gesch\u00e4ftsf\u00fchrend):<\/h4>\r\n\r\n\r\n\r\n<p><a href=\"mailto:vorstand@sternfreunde-flensburg-gluecksburg.de\">Janko Koch (1. Vorsitzender)<\/a><br><a href=\"mailto:vorstand@sternfreunde-flensburg-gluecksburg.de\">Bernd Schatzman (2. Vorsitzender)<\/a><\/p>\r\n\r\n\r\n\r\n<h3 class=\"wp-block-heading\">Haftungsausschluss<\/h3>\r\n\r\n\r\n\r\n<p><strong>Haftung f\u00fcr Inhalte<\/strong>\r\n<\/p>\r\n\r\n\r\n\r\n<p>Die Inhalte unserer Seiten wurden mit gr\u00f6\u00dfter \r\nSorgfalt erstellt. F\u00fcr die Richtigkeit, Vollst\u00e4ndigkeit und Aktualit\u00e4t \r\nder Inhalte k\u00f6nnen wir jedoch keine Gew\u00e4hr \u00fcbernehmen. Als \r\nDiensteanbieter sind wir gem\u00e4\u00df \u00a7 7 Abs.1 TMG f\u00fcr eigene Inhalte auf \r\ndiesen Seiten nach den allgemeinen Gesetzen verantwortlich. Nach \u00a7\u00a7 8 \r\nbis 10 TMG sind wir als Diensteanbieter jedoch nicht verpflichtet, \r\n\u00fcbermittelte oder gespeicherte fremde Informationen zu \u00fcberwachen oder \r\nnach Umst\u00e4nden zu forschen, die auf eine rechtswidrige T\u00e4tigkeit \r\nhinweisen. Verpflichtungen zur Entfernung oder Sperrung der Nutzung von \r\nInformationen nach den allgemeinen Gesetzen bleiben hiervon unber\u00fchrt. \r\nEine diesbez\u00fcgliche Haftung ist jedoch erst ab dem Zeitpunkt der \r\nKenntnis einer konkreten Rechtsverletzung m\u00f6glich. Bei Bekanntwerden von\r\n entsprechenden Rechtsverletzungen werden wir diese Inhalte umgehend \r\nentfernen.\r\n<\/p>\r\n\r\n\r\n\r\n<p><strong>Haftung f\u00fcr Links<\/strong>\r\n<\/p>\r\n\r\n\r\n\r\n<p>Unser Angebot enth\u00e4lt Links zu externen Webseiten \r\nDritter, auf deren Inhalte wir keinen Einfluss haben. Deshalb k\u00f6nnen wir\r\n f\u00fcr diese fremden Inhalte auch keine Gew\u00e4hr \u00fcbernehmen. F\u00fcr die Inhalte\r\n der verlinkten Seiten ist stets der jeweilige Anbieter oder Betreiber \r\nder Seiten verantwortlich. Die verlinkten Seiten wurden zum Zeitpunkt \r\nder Verlinkung auf m\u00f6gliche Rechtsverst\u00f6\u00dfe \u00fcberpr\u00fcft. Rechtswidrige \r\nInhalte waren zum Zeitpunkt der Verlinkung nicht erkennbar. Eine \r\npermanente inhaltliche Kontrolle der verlinkten Seiten ist jedoch ohne \r\nkonkrete Anhaltspunkte einer Rechtsverletzung nicht zumutbar. Bei \r\nBekanntwerden von Rechtsverletzungen werden wir derartige Links umgehend\r\n entfernen.\r\n<\/p>\r\n\r\n\r\n\r\n<p><strong>Urheberrecht<\/strong>\r\n<\/p>\r\n\r\n\r\n\r\n<p>Die durch die Seitenbetreiber erstellten Inhalte und\r\n Werke auf diesen Seiten unterliegen dem deutschen Urheberrecht. Die \r\nVervielf\u00e4ltigung, Bearbeitung, Verbreitung und jede Art der Verwertung \r\nau\u00dferhalb der Grenzen des Urheberrechtes bed\u00fcrfen der schriftlichen \r\nZustimmung des jeweiligen Autors bzw. Erstellers. Downloads und Kopien \r\ndieser Seite sind nur f\u00fcr den privaten, nicht kommerziellen Gebrauch \r\ngestattet. Soweit die Inhalte auf dieser Seite nicht vom Betreiber \r\nerstellt wurden, werden die Urheberrechte Dritter beachtet. Insbesondere\r\n werden Inhalte Dritter als solche gekennzeichnet. Sollten Sie trotzdem \r\nauf eine Urheberrechtsverletzung aufmerksam werden, bitten wir um einen \r\nentsprechenden Hinweis. Bei Bekanntwerden von Rechtsverletzungen werden \r\nwir derartige Inhalte umgehend entfernen.\r\n<\/p>\r\n\r\n\r\n\r\n<p><strong>Datenschutz<\/strong>\r\n<\/p>\r\n\r\n\r\n\r\n<p>Die Nutzung unserer Webseite ist in der Regel ohne \r\nAngabe personenbezogener Daten m\u00f6glich. Soweit auf unseren Seiten \r\npersonenbezogene Daten (beispielsweise Name, Anschrift oder \r\neMail-Adressen) erhoben werden, erfolgt dies, soweit m\u00f6glich, stets auf \r\nfreiwilliger Basis. Diese Daten werden ohne Ihre ausdr\u00fcckliche \r\nZustimmung nicht an Dritte weitergegeben. \r\n<\/p>\r\n\r\n\r\n\r\n<p>Wir weisen darauf hin, dass die Daten\u00fcbertragung im \r\nInternet (z.B. bei der Kommunikation per E-Mail) Sicherheitsl\u00fccken \r\naufweisen kann. Ein l\u00fcckenloser Schutz der Daten vor dem Zugriff durch \r\nDritte ist nicht m\u00f6glich. \r\n<\/p>\r\n\r\n\r\n\r\n<p>Der Nutzung von im Rahmen der Impressumspflicht \r\nver\u00f6ffentlichten Kontaktdaten durch Dritte zur \u00dcbersendung von nicht \r\nausdr\u00fccklich angeforderter Werbung und Informationsmaterialien wird \r\nhiermit ausdr\u00fccklich widersprochen. Die Betreiber der Seiten behalten \r\nsich ausdr\u00fccklich rechtliche Schritte im Falle der unverlangten \r\nZusendung von Werbeinformationen, etwa durch Spam-Mails, vor.<br><br>Quelle: <em><a href=\"http:\/\/www.e-recht24.de\" target=\"_blank\" rel=\"noreferrer noopener\">eRecht24<\/a>, Rechtsanwalt f\u00fcr Internetrecht S\u00f6ren Siebert<\/em><\/p>\r\n","protected":false},"excerpt":{"rendered":"<p>Sternfreunde Flensburg-Gl\u00fccksburg e. V.F\u00f6rdestrasse 3724960 Gl\u00fccksburg Vorsitzender (gesch\u00e4ftsf\u00fchrend): Janko Koch (1. Vorsitzender)Bernd Schatzman (2. Vorsitzender) Haftungsausschluss Haftung f\u00fcr Inhalte Die Inhalte unserer Seiten wurden mit gr\u00f6\u00dfter Sorgfalt erstellt. F\u00fcr die Richtigkeit, Vollst\u00e4ndigkeit und Aktualit\u00e4t der Inhalte k\u00f6nnen wir jedoch keine Gew\u00e4hr \u00fcbernehmen. Als Diensteanbieter sind wir gem\u00e4\u00df \u00a7 7 Abs.1 TMG f\u00fcr eigene Inhalte auf [&hellip;]<\/p>\n","protected":false},"author":1,"featured_media":0,"parent":0,"menu_order":0,"comment_status":"closed","ping_status":"closed","template":"","meta":{"footnotes":""},"class_list":["post-51","page","type-page","status-publish","hentry"],"_links":{"self":[{"href":"https:\/\/www.sternwarte-gluecksburg.de\/index.php\/wp-json\/wp\/v2\/pages\/51","targetHints":{"allow":["GET"]}}],"collection":[{"href":"https:\/\/www.sternwarte-gluecksburg.de\/index.php\/wp-json\/wp\/v2\/pages"}],"about":[{"href":"https:\/\/www.sternwarte-gluecksburg.de\/index.php\/wp-json\/wp\/v2\/types\/page"}],"author":[{"embeddable":true,"href":"https:\/\/www.sternwarte-gluecksburg.de\/index.php\/wp-json\/wp\/v2\/users\/1"}],"replies":[{"embeddable":true,"href":"https:\/\/www.sternwarte-gluecksburg.de\/index.php\/wp-json\/wp\/v2\/comments?post=51"}],"version-history":[{"count":13,"href":"https:\/\/www.sternwarte-gluecksburg.de\/index.php\/wp-json\/wp\/v2\/pages\/51\/revisions"}],"predecessor-version":[{"id":824,"href":"https:\/\/www.sternwarte-gluecksburg.de\/index.php\/wp-json\/wp\/v2\/pages\/51\/revisions\/824"}],"wp:attachment":[{"href":"https:\/\/www.sternwarte-gluecksburg.de\/index.php\/wp-json\/wp\/v2\/media?parent=51"}],"curies":[{"name":"wp","href":"https:\/\/api.w.org\/{rel}","templated":true}]}}