{"id":43,"date":"2019-09-12T08:30:54","date_gmt":"2019-09-12T06:30:54","guid":{"rendered":"https:\/\/www.sternwarte-gluecksburg.de\/?page_id=43"},"modified":"2023-03-07T16:10:05","modified_gmt":"2023-03-07T15:10:05","slug":"das-planetarium","status":"publish","type":"page","link":"https:\/\/www.sternwarte-gluecksburg.de\/index.php\/das-planetarium\/","title":{"rendered":"Das Planetarium"},"content":{"rendered":"\n<p>Das Menke-Planetarium und die Menke-Sternwarte sind \nin Gl\u00fccksburg, F\u00f6rdestra\u00dfe 37 beheimatet. Dort befindet sich auf einem \nH\u00fcgel an der Flensburger F\u00f6rde gelegen ein Planetarium, das 50 Besuchern\n Platz bietet. \n<\/p>\n\n\n\n<figure class=\"wp-block-image\"><img loading=\"lazy\" decoding=\"async\" width=\"1024\" height=\"662\" src=\"https:\/\/www.sternwarte-gluecksburg.de\/wp-content\/uploads\/2019\/11\/Planetarium_01_aussen_Mai_2018-1-1024x662.jpg\" alt=\"\" class=\"wp-image-233\" srcset=\"https:\/\/www.sternwarte-gluecksburg.de\/wp-content\/uploads\/2019\/11\/Planetarium_01_aussen_Mai_2018-1-1024x662.jpg 1024w, https:\/\/www.sternwarte-gluecksburg.de\/wp-content\/uploads\/2019\/11\/Planetarium_01_aussen_Mai_2018-1-300x194.jpg 300w, https:\/\/www.sternwarte-gluecksburg.de\/wp-content\/uploads\/2019\/11\/Planetarium_01_aussen_Mai_2018-1-768x496.jpg 768w, https:\/\/www.sternwarte-gluecksburg.de\/wp-content\/uploads\/2019\/11\/Planetarium_01_aussen_Mai_2018-1-774x500.jpg 774w\" sizes=\"auto, (max-width: 1024px) 100vw, 1024px\" \/><\/figure>\n\n\n\n<p>Im Februar 2011 wurde eine <strong><a rel=\"noreferrer noopener\" href=\"http:\/\/www.planetarium-gluecksburg.de\/service\/ueber-uns\/fulldome-projektionsanlage.html\" target=\"_blank\">Fulldome-Projektionsanlage<\/a><\/strong> des Unternehmens <strong><a rel=\"noreferrer noopener\" href=\"http:\/\/www.es.com\/\" target=\"_blank\">Evans &amp; Sutherland<\/a><\/strong> installiert. Die Anlage wurde \u00fcber die <strong><a rel=\"noreferrer noopener\" href=\"http:\/\/www.mittedesnordens.de\/\" target=\"_blank\">Aktiv-Region Mitte des Nordens<\/a><\/strong> mit <strong><a rel=\"noreferrer noopener\" href=\"http:\/\/ec.europa.eu\/agriculture\/rurdev\/index_de.htm\" target=\"_blank\">europ\u00e4ischen Geldern<\/a><\/strong> gef\u00f6rdert. <\/p>\n\n\n\n<figure class=\"wp-block-image\"><img loading=\"lazy\" decoding=\"async\" width=\"1024\" height=\"866\" src=\"https:\/\/www.sternwarte-gluecksburg.de\/wp-content\/uploads\/2019\/11\/Planetarium_03_Innen-1-1024x866.jpg\" alt=\"\" class=\"wp-image-232\" srcset=\"https:\/\/www.sternwarte-gluecksburg.de\/wp-content\/uploads\/2019\/11\/Planetarium_03_Innen-1-1024x866.jpg 1024w, https:\/\/www.sternwarte-gluecksburg.de\/wp-content\/uploads\/2019\/11\/Planetarium_03_Innen-1-300x254.jpg 300w, https:\/\/www.sternwarte-gluecksburg.de\/wp-content\/uploads\/2019\/11\/Planetarium_03_Innen-1-768x650.jpg 768w, https:\/\/www.sternwarte-gluecksburg.de\/wp-content\/uploads\/2019\/11\/Planetarium_03_Innen-1-591x500.jpg 591w\" sizes=\"auto, (max-width: 1024px) 100vw, 1024px\" \/><\/figure>\n\n\n\n<p>Gleich benachbart zum Planetarium liegt die <strong>Menke-Sternwarte<\/strong> mit zwei 9 Meter hohen Beobachtungskuppeln und einem <strong><a rel=\"noreferrer noopener\" href=\"http:\/\/de.wikipedia.org\/wiki\/Coelostat\" target=\"_blank\">Coelostaten<\/a><\/strong>.  <\/p>\n\n\n\n<p>Im Planetarium finden regelm\u00e4\u00dfig <strong><a href=\"http:\/\/www.planetarium-gluecksburg.de\/vorstellungen.html\">Vorf\u00fchrungen und Vortragsveranstaltungen<\/a><\/strong> sowie Sondervorf\u00fchrungen f\u00fcr Gruppen und Schulen statt.   <\/p>\n\n\n\n<p>Das Planetarium und die Sternwarte werden vom Verein Sternfreunde Flensburg-Gl\u00fccksburg unterst\u00fctzt. Mitglieder des F\u00f6rdervereins haben auch Zutritt zu den Teleskopen in der Sternwarte und  d\u00fcrfen diese unentgeltlich nutzen.<\/p>\n","protected":false},"excerpt":{"rendered":"<p>Das Menke-Planetarium und die Menke-Sternwarte sind in Gl\u00fccksburg, F\u00f6rdestra\u00dfe 37 beheimatet. Dort befindet sich auf einem H\u00fcgel an der Flensburger F\u00f6rde gelegen ein Planetarium, das 50 Besuchern Platz bietet. Im Februar 2011 wurde eine Fulldome-Projektionsanlage des Unternehmens Evans &amp; Sutherland installiert. Die Anlage wurde \u00fcber die Aktiv-Region Mitte des Nordens mit europ\u00e4ischen Geldern gef\u00f6rdert. Gleich [&hellip;]<\/p>\n","protected":false},"author":1,"featured_media":0,"parent":0,"menu_order":0,"comment_status":"closed","ping_status":"closed","template":"","meta":{"footnotes":""},"class_list":["post-43","page","type-page","status-publish","hentry"],"_links":{"self":[{"href":"https:\/\/www.sternwarte-gluecksburg.de\/index.php\/wp-json\/wp\/v2\/pages\/43","targetHints":{"allow":["GET"]}}],"collection":[{"href":"https:\/\/www.sternwarte-gluecksburg.de\/index.php\/wp-json\/wp\/v2\/pages"}],"about":[{"href":"https:\/\/www.sternwarte-gluecksburg.de\/index.php\/wp-json\/wp\/v2\/types\/page"}],"author":[{"embeddable":true,"href":"https:\/\/www.sternwarte-gluecksburg.de\/index.php\/wp-json\/wp\/v2\/users\/1"}],"replies":[{"embeddable":true,"href":"https:\/\/www.sternwarte-gluecksburg.de\/index.php\/wp-json\/wp\/v2\/comments?post=43"}],"version-history":[{"count":11,"href":"https:\/\/www.sternwarte-gluecksburg.de\/index.php\/wp-json\/wp\/v2\/pages\/43\/revisions"}],"predecessor-version":[{"id":3352,"href":"https:\/\/www.sternwarte-gluecksburg.de\/index.php\/wp-json\/wp\/v2\/pages\/43\/revisions\/3352"}],"wp:attachment":[{"href":"https:\/\/www.sternwarte-gluecksburg.de\/index.php\/wp-json\/wp\/v2\/media?parent=43"}],"curies":[{"name":"wp","href":"https:\/\/api.w.org\/{rel}","templated":true}]}}