{"id":41,"date":"2019-09-12T08:30:54","date_gmt":"2019-09-12T06:30:54","guid":{"rendered":"https:\/\/www.sternwarte-gluecksburg.de\/?page_id=41"},"modified":"2025-09-27T12:53:23","modified_gmt":"2025-09-27T10:53:23","slug":"der-verein","status":"publish","type":"page","link":"https:\/\/www.sternwarte-gluecksburg.de\/index.php\/der-verein\/","title":{"rendered":"Der Verein"},"content":{"rendered":"<p>\n<!--StartFragment--><\/p>\n\n\n<p><strong>WERDEN SIE MITGLIED BEI UNS<\/strong> <\/p>\n\n\n\n<p><em>Verein zur F\u00f6rderung des Menke-Planetariums<\/em> und<br><em>der Menke Sternwarte<\/em><br><em>F\u00f6rdestrasse 37<\/em><br>2<em>4960 Gl\u00fccksburg<\/em> <\/p>\n\n\n\n<figure class=\"wp-block-image is-resized\"><img loading=\"lazy\" decoding=\"async\" width=\"782\" height=\"1024\" src=\"https:\/\/www.sternwarte-gluecksburg.de\/wp-content\/uploads\/2019\/11\/Joseph_Menke-1-782x1024.jpg\" alt=\"Joseph F. Menke (1913-1995)\" class=\"wp-image-239\" srcset=\"https:\/\/www.sternwarte-gluecksburg.de\/wp-content\/uploads\/2019\/11\/Joseph_Menke-1-782x1024.jpg 782w, https:\/\/www.sternwarte-gluecksburg.de\/wp-content\/uploads\/2019\/11\/Joseph_Menke-1-229x300.jpg 229w, https:\/\/www.sternwarte-gluecksburg.de\/wp-content\/uploads\/2019\/11\/Joseph_Menke-1-768x1006.jpg 768w, https:\/\/www.sternwarte-gluecksburg.de\/wp-content\/uploads\/2019\/11\/Joseph_Menke-1-382x500.jpg 382w\" sizes=\"auto, (max-width: 782px) 100vw, 782px\" \/><figcaption class=\"wp-element-caption\"><em>Josef F. Menke <\/em>(1913-1995)<\/figcaption><\/figure>\n\n\n\n<p>Der Mitgliedbeitrag betr\u00e4gt j\u00e4hrlich&nbsp;\u20ac<\/p>\n\n\n\n<ul class=\"wp-block-list\">\n<li>40,- f\u00fcr Einzelmitglieder<\/li>\n\n\n\n<li>65,- f\u00fcr Paare<\/li>\n\n\n\n<li>10,- erm\u00e4\u00dfigt<\/li>\n<\/ul>\n\n\n\n<p>Ihre Vorteile:<\/p>\n\n\n\n<ul class=\"wp-block-list\">\n<li>kostenloser Besuch der Donnerstag-Vorstellung<\/li>\n\n\n\n<li>Benutzung des Teleskopes in der Sternwarte<\/li>\n\n\n\n<li>Benutzung des Sonnenteleskopes<\/li>\n\n\n\n<li>Benutzung der Bibliothek f\u00fcr Sternfreunde<\/li>\n\n\n\n<li>Unterst\u00fctzung durch erfahrene Beobachter<\/li>\n<\/ul>\n\n\n\n<p>Wenden Sie sich an den Referenten des Abends oder schicken Sie uns ein ausgef\u00fclltes Antragsformular:<\/p>\n\n\n\n<ul class=\"wp-block-list\">\n<li><strong><a href=\"https:\/\/www.sternwarte-gluecksburg.de\/wp-content\/uploads\/2025\/09\/Antrag-auf-Mitgliedschaft-neu-nur-Lastschrift-Stand-12.08.2025.pdf\" data-type=\"page\" data-id=\"4776\" target=\"_blank\" rel=\"noreferrer noopener\">Antrag_auf_Mitgliedschaft<\/a><\/strong><\/li>\n\n\n\n<li><a href=\"https:\/\/www.sternwarte-gluecksburg.de\/wp-content\/uploads\/2025\/09\/Satzung_Sternfreunde-Flensburg-Gluecksburg_2025.pdf\" data-type=\"link\" data-id=\"https:\/\/www.sternwarte-gluecksburg.de\/wp-content\/uploads\/2025\/09\/Satzung_Sternfreunde-Flensburg-Gluecksburg_2025.pdf\" target=\"_blank\" rel=\"noreferrer noopener\"><strong>Satzung Sternfreunde Flensburg-Gl\u00fccksburg e.V.<\/strong><\/a><\/li>\n<\/ul>\n\n\n\n<p><\/p>\n","protected":false},"excerpt":{"rendered":"<p>WERDEN SIE MITGLIED BEI UNS Verein zur F\u00f6rderung des Menke-Planetariums undder Menke SternwarteF\u00f6rdestrasse 3724960 Gl\u00fccksburg Der Mitgliedbeitrag betr\u00e4gt j\u00e4hrlich&nbsp;\u20ac Ihre Vorteile: Wenden Sie sich an den Referenten des Abends oder schicken Sie uns ein ausgef\u00fclltes Antragsformular:<\/p>\n","protected":false},"author":1,"featured_media":0,"parent":0,"menu_order":0,"comment_status":"closed","ping_status":"closed","template":"","meta":{"footnotes":""},"class_list":["post-41","page","type-page","status-publish","hentry"],"_links":{"self":[{"href":"https:\/\/www.sternwarte-gluecksburg.de\/index.php\/wp-json\/wp\/v2\/pages\/41","targetHints":{"allow":["GET"]}}],"collection":[{"href":"https:\/\/www.sternwarte-gluecksburg.de\/index.php\/wp-json\/wp\/v2\/pages"}],"about":[{"href":"https:\/\/www.sternwarte-gluecksburg.de\/index.php\/wp-json\/wp\/v2\/types\/page"}],"author":[{"embeddable":true,"href":"https:\/\/www.sternwarte-gluecksburg.de\/index.php\/wp-json\/wp\/v2\/users\/1"}],"replies":[{"embeddable":true,"href":"https:\/\/www.sternwarte-gluecksburg.de\/index.php\/wp-json\/wp\/v2\/comments?post=41"}],"version-history":[{"count":31,"href":"https:\/\/www.sternwarte-gluecksburg.de\/index.php\/wp-json\/wp\/v2\/pages\/41\/revisions"}],"predecessor-version":[{"id":5848,"href":"https:\/\/www.sternwarte-gluecksburg.de\/index.php\/wp-json\/wp\/v2\/pages\/41\/revisions\/5848"}],"wp:attachment":[{"href":"https:\/\/www.sternwarte-gluecksburg.de\/index.php\/wp-json\/wp\/v2\/media?parent=41"}],"curies":[{"name":"wp","href":"https:\/\/api.w.org\/{rel}","templated":true}]}}